{"id":2,"date":"2026-04-22T01:59:03","date_gmt":"2026-04-22T01:59:03","guid":{"rendered":"https:\/\/www.produccionesgatillo.cl\/?page_id=2"},"modified":"2026-04-22T04:10:33","modified_gmt":"2026-04-22T04:10:33","slug":"sample-page","status":"publish","type":"page","link":"https:\/\/www.produccionesgatillo.cl\/index.php\/sample-page\/","title":{"rendered":"Bienvenidos!"},"content":{"rendered":"\n<p><strong>Producciones Gatillo <\/strong>es una productora chilena especializada en la creaci\u00f3n y gesti\u00f3n de experiencias en vivo, combinando m\u00fasica, producci\u00f3n t\u00e9cnica y estrategia digital para dar vida a eventos de alto nivel.<\/p>\n\n\n\n<blockquote class=\"wp-block-quote\">\n<p><strong>Ofrecemos un servicio integral <\/strong>que abarca:<\/p>\n\n\n\n<p>\u2022 Producci\u00f3n de eventos.<\/p>\n\n\n\n<p>\u2022 Management de artistas.<\/p>\n\n\n\n<p>\u2022 Sonido e iluminaci\u00f3n profesional.<\/p>\n\n\n\n<p>\u2022 Gesti\u00f3n y crecimiento en redes sociales.<\/p>\n\n\n\n<p>\u2022 Contenidos digitales, reels y m\u00e1s.<\/p>\n\n\n\n<p>\u2022 Banqueter\u00eda de alto nivel, coffee break, entre otros.<\/p>\n<\/blockquote>\n\n\n\n<blockquote class=\"wp-block-quote\">\n<p><strong>Somos Especialistas en experiencias musicales<\/strong><br>Nos enfocamos en la producci\u00f3n de eventos de rock, jazz y blues, conectando al p\u00fablico con bandas de primer nivel. Adem\u00e1s, trabajamos con formatos vers\u00e1tiles como d\u00faos, tr\u00edos y bandas, abarcando estilos como bossa nova, boleros y rock, adapt\u00e1ndonos a distintos ambientes y audiencias.<\/p>\n<cite>Gerardo Gatillo Z\u00fa\u00f1iga<\/cite><\/blockquote>\n\n\n\n<div class=\"wp-block-group alignfull has-text-color has-background is-layout-flow wp-block-group-is-layout-flow\" style=\"color:#000000;background-color:#ffffff\">\n<div style=\"height:64px\" aria-hidden=\"true\" class=\"wp-block-spacer\"><\/div>\n\n\n\n<p class=\"has-text-align-center has-small-font-size\" style=\"line-height:.9\">Conoce un poco m\u00e1s de Producciones Gatillo<\/p>\n\n\n\n<h2 class=\"wp-block-heading has-text-align-center\" id=\"schedule-a-visit\" style=\"font-size:clamp(32.969px, 2.061rem + ((1vw - 3.2px) * 2.712), 59px);px;line-height:1.15\"><strong>Schedule a Visit<\/strong><\/h2>\n\n\n\n<div class=\"wp-block-buttons is-horizontal is-content-justification-center is-layout-flex wp-container-core-buttons-layout-1 wp-block-buttons-is-layout-flex\">\n<div class=\"wp-block-button has-custom-width wp-block-button__width-50\"><a class=\"wp-block-button__link has-text-color has-background wp-element-button\" href=\"https:\/\/www.instagram.com\/produccionesgatillo\" style=\"border-radius:50px;color:#ffffff;background-color:#000000\" target=\"_blank\" rel=\"noreferrer noopener\">Ir a instagram<\/a><\/div>\n<\/div>\n\n\n\n<div style=\"height:64px\" aria-hidden=\"true\" class=\"wp-block-spacer\"><\/div>\n<\/div>\n","protected":false},"excerpt":{"rendered":"<p>Producciones Gatillo es una productora chilena especializada en la creaci\u00f3n y gesti\u00f3n de experiencias en vivo, combinando m\u00fasica, producci\u00f3n t\u00e9cnica y estrategia digital para dar vida a eventos de alto nivel. Ofrecemos un servicio integral que abarca: \u2022 Producci\u00f3n de eventos. \u2022 Management de artistas. \u2022 Sonido e iluminaci\u00f3n profesional. \u2022 Gesti\u00f3n y crecimiento en [&hellip;]<\/p>\n","protected":false},"author":1,"featured_media":0,"parent":0,"menu_order":0,"comment_status":"closed","ping_status":"open","template":"","meta":{"footnotes":""},"_links":{"self":[{"href":"https:\/\/www.produccionesgatillo.cl\/index.php\/wp-json\/wp\/v2\/pages\/2"}],"collection":[{"href":"https:\/\/www.produccionesgatillo.cl\/index.php\/wp-json\/wp\/v2\/pages"}],"about":[{"href":"https:\/\/www.produccionesgatillo.cl\/index.php\/wp-json\/wp\/v2\/types\/page"}],"author":[{"embeddable":true,"href":"https:\/\/www.produccionesgatillo.cl\/index.php\/wp-json\/wp\/v2\/users\/1"}],"replies":[{"embeddable":true,"href":"https:\/\/www.produccionesgatillo.cl\/index.php\/wp-json\/wp\/v2\/comments?post=2"}],"version-history":[{"count":3,"href":"https:\/\/www.produccionesgatillo.cl\/index.php\/wp-json\/wp\/v2\/pages\/2\/revisions"}],"predecessor-version":[{"id":26,"href":"https:\/\/www.produccionesgatillo.cl\/index.php\/wp-json\/wp\/v2\/pages\/2\/revisions\/26"}],"wp:attachment":[{"href":"https:\/\/www.produccionesgatillo.cl\/index.php\/wp-json\/wp\/v2\/media?parent=2"}],"curies":[{"name":"wp","href":"https:\/\/api.w.org\/{rel}","templated":true}]}}